{"id":41,"date":"2025-11-27T15:11:13","date_gmt":"2025-11-27T15:11:13","guid":{"rendered":"https:\/\/campinq.cluster100.hosting.ovh.net\/?page_id=41"},"modified":"2026-02-06T10:04:48","modified_gmt":"2026-02-06T10:04:48","slug":"location-mobile","status":"publish","type":"page","link":"https:\/\/www.camping-rochefort.com\/index.php\/location-mobile\/","title":{"rendered":"Location de mobil homes"},"content":{"rendered":"\t\t<div data-elementor-type=\"wp-page\" data-elementor-id=\"41\" class=\"elementor elementor-41\">\n\t\t\t\t<div class=\"elementor-element elementor-element-be614f7 e-flex e-con-boxed e-con e-parent\" data-id=\"be614f7\" data-element_type=\"container\">\n\t\t\t\t\t<div class=\"e-con-inner\">\n\t\t\t\t<div class=\"elementor-element elementor-element-ea4323b elementor-widget elementor-widget-text-editor\" data-id=\"ea4323b\" data-element_type=\"widget\" data-widget_type=\"text-editor.default\">\n\t\t\t\t\t\t\t\t\t<p><strong>En couple, en famille ou entre amis, d\u00e9couvrez nos mobil homes, pens\u00e9s pour des vacances reposantes et conviviales. Choisissez parmi plusieurs mod\u00e8les, de 1, 2 ou 3 chambres, adapt\u00e9s \u00e0 toutes les envies et \u00e0 toutes les tailles de s\u00e9jour. Offrez-vous un s\u00e9jour agr\u00e9able, pratique et accessible, dans un cadre naturel propice \u00e0 la d\u00e9tente.<\/strong><\/p>\t\t\t\t\t\t\t\t<\/div>\n\t\t\t\t\t<\/div>\n\t\t\t\t<\/div>\n\t\t<div class=\"elementor-element elementor-element-8e01538 e-flex e-con-boxed e-con e-parent\" data-id=\"8e01538\" data-element_type=\"container\">\n\t\t\t\t\t<div class=\"e-con-inner\">\n\t\t\t\t<div class=\"elementor-element elementor-element-580fcd1 gallery-spacing-custom elementor-widget elementor-widget-image-gallery\" data-id=\"580fcd1\" data-element_type=\"widget\" data-widget_type=\"image-gallery.default\">\n\t\t\t\t\t\t\t<div class=\"elementor-image-gallery\">\n\t\t\t<div id='gallery-1' class='gallery galleryid-41 gallery-columns-3 gallery-size-large'><figure class='gallery-item'>\n\t\t\t<div class='gallery-icon landscape'>\n\t\t\t\t<a data-elementor-open-lightbox=\"yes\" data-elementor-lightbox-slideshow=\"580fcd1\" data-elementor-lightbox-title=\"Mobil home 3 chambres vue \u00e9tang\" data-e-action-hash=\"#elementor-action%3Aaction%3Dlightbox%26settings%3DeyJpZCI6MTEzLCJ1cmwiOiJodHRwczpcL1wvd3d3LmNhbXBpbmctcm9jaGVmb3J0LmNvbVwvd3AtY29udGVudFwvdXBsb2Fkc1wvMjAyNVwvMTFcLzIwMTgwODA4XzE2MDAwMi1zY2FsZWQuanBnIiwic2xpZGVzaG93IjoiNTgwZmNkMSJ9\" href='https:\/\/www.camping-rochefort.com\/wp-content\/uploads\/2025\/11\/20180808_160002-scaled.jpg'><img fetchpriority=\"high\" decoding=\"async\" width=\"1024\" height=\"768\" src=\"https:\/\/www.camping-rochefort.com\/wp-content\/uploads\/2025\/11\/20180808_160002-1024x768.jpg\" class=\"attachment-large size-large\" alt=\"Mobil home 3 chambres vue \u00e9tang\" srcset=\"https:\/\/www.camping-rochefort.com\/wp-content\/uploads\/2025\/11\/20180808_160002-1024x768.jpg 1024w, https:\/\/www.camping-rochefort.com\/wp-content\/uploads\/2025\/11\/20180808_160002-300x225.jpg 300w, https:\/\/www.camping-rochefort.com\/wp-content\/uploads\/2025\/11\/20180808_160002-768x576.jpg 768w, https:\/\/www.camping-rochefort.com\/wp-content\/uploads\/2025\/11\/20180808_160002-1536x1152.jpg 1536w, https:\/\/www.camping-rochefort.com\/wp-content\/uploads\/2025\/11\/20180808_160002-2048x1536.jpg 2048w\" sizes=\"(max-width: 1024px) 100vw, 1024px\" \/><\/a>\n\t\t\t<\/div><\/figure><figure class='gallery-item'>\n\t\t\t<div class='gallery-icon landscape'>\n\t\t\t\t<a data-elementor-open-lightbox=\"yes\" data-elementor-lightbox-slideshow=\"580fcd1\" data-elementor-lightbox-title=\"Mobil home 1 chambre\" data-e-action-hash=\"#elementor-action%3Aaction%3Dlightbox%26settings%3DeyJpZCI6MTE1LCJ1cmwiOiJodHRwczpcL1wvd3d3LmNhbXBpbmctcm9jaGVmb3J0LmNvbVwvd3AtY29udGVudFwvdXBsb2Fkc1wvMjAyNVwvMTFcL01vZC0xLWNoLXNjYWxlZC5qcGciLCJzbGlkZXNob3ciOiI1ODBmY2QxIn0%3D\" href='https:\/\/www.camping-rochefort.com\/wp-content\/uploads\/2025\/11\/Mod-1-ch-scaled.jpg'><img decoding=\"async\" width=\"1024\" height=\"768\" src=\"https:\/\/www.camping-rochefort.com\/wp-content\/uploads\/2025\/11\/Mod-1-ch-1024x768.jpg\" class=\"attachment-large size-large\" alt=\"Mobil home 1 chambre\" srcset=\"https:\/\/www.camping-rochefort.com\/wp-content\/uploads\/2025\/11\/Mod-1-ch-1024x768.jpg 1024w, https:\/\/www.camping-rochefort.com\/wp-content\/uploads\/2025\/11\/Mod-1-ch-300x225.jpg 300w, https:\/\/www.camping-rochefort.com\/wp-content\/uploads\/2025\/11\/Mod-1-ch-768x576.jpg 768w, https:\/\/www.camping-rochefort.com\/wp-content\/uploads\/2025\/11\/Mod-1-ch-1536x1152.jpg 1536w, https:\/\/www.camping-rochefort.com\/wp-content\/uploads\/2025\/11\/Mod-1-ch-2048x1536.jpg 2048w\" sizes=\"(max-width: 1024px) 100vw, 1024px\" \/><\/a>\n\t\t\t<\/div><\/figure><figure class='gallery-item'>\n\t\t\t<div class='gallery-icon landscape'>\n\t\t\t\t<a data-elementor-open-lightbox=\"yes\" data-elementor-lightbox-slideshow=\"580fcd1\" data-elementor-lightbox-title=\"Mobil home 3 chambres au calme\" data-e-action-hash=\"#elementor-action%3Aaction%3Dlightbox%26settings%3DeyJpZCI6NDMsInVybCI6Imh0dHBzOlwvXC93d3cuY2FtcGluZy1yb2NoZWZvcnQuY29tXC93cC1jb250ZW50XC91cGxvYWRzXC8yMDI1XC8xMVwvMjAxODA4MDVfMTc1ODE1LXNjYWxlZC5qcGciLCJzbGlkZXNob3ciOiI1ODBmY2QxIn0%3D\" href='https:\/\/www.camping-rochefort.com\/wp-content\/uploads\/2025\/11\/20180805_175815-scaled.jpg'><img decoding=\"async\" width=\"1024\" height=\"768\" src=\"https:\/\/www.camping-rochefort.com\/wp-content\/uploads\/2025\/11\/20180805_175815-1024x768.jpg\" class=\"attachment-large size-large\" alt=\"Mobil home 3 chambres au calme\" srcset=\"https:\/\/www.camping-rochefort.com\/wp-content\/uploads\/2025\/11\/20180805_175815-1024x768.jpg 1024w, https:\/\/www.camping-rochefort.com\/wp-content\/uploads\/2025\/11\/20180805_175815-300x225.jpg 300w, https:\/\/www.camping-rochefort.com\/wp-content\/uploads\/2025\/11\/20180805_175815-768x576.jpg 768w, https:\/\/www.camping-rochefort.com\/wp-content\/uploads\/2025\/11\/20180805_175815-1536x1152.jpg 1536w, https:\/\/www.camping-rochefort.com\/wp-content\/uploads\/2025\/11\/20180805_175815-2048x1536.jpg 2048w\" sizes=\"(max-width: 1024px) 100vw, 1024px\" \/><\/a>\n\t\t\t<\/div><\/figure><figure class='gallery-item'>\n\t\t\t<div class='gallery-icon landscape'>\n\t\t\t\t<a data-elementor-open-lightbox=\"yes\" data-elementor-lightbox-slideshow=\"580fcd1\" data-elementor-lightbox-title=\"Mobil home 1 chambre vue \u00e9tang\" data-e-action-hash=\"#elementor-action%3Aaction%3Dlightbox%26settings%3DeyJpZCI6MTE2LCJ1cmwiOiJodHRwczpcL1wvd3d3LmNhbXBpbmctcm9jaGVmb3J0LmNvbVwvd3AtY29udGVudFwvdXBsb2Fkc1wvMjAyNVwvMTFcLzIwMTgwODA1XzE4MDI1MS1zY2FsZWQuanBnIiwic2xpZGVzaG93IjoiNTgwZmNkMSJ9\" href='https:\/\/www.camping-rochefort.com\/wp-content\/uploads\/2025\/11\/20180805_180251-scaled.jpg'><img loading=\"lazy\" decoding=\"async\" width=\"1024\" height=\"768\" src=\"https:\/\/www.camping-rochefort.com\/wp-content\/uploads\/2025\/11\/20180805_180251-1024x768.jpg\" class=\"attachment-large size-large\" alt=\"Mobil home 1 chambre vue \u00e9tang\" srcset=\"https:\/\/www.camping-rochefort.com\/wp-content\/uploads\/2025\/11\/20180805_180251-1024x768.jpg 1024w, https:\/\/www.camping-rochefort.com\/wp-content\/uploads\/2025\/11\/20180805_180251-300x225.jpg 300w, https:\/\/www.camping-rochefort.com\/wp-content\/uploads\/2025\/11\/20180805_180251-768x576.jpg 768w, https:\/\/www.camping-rochefort.com\/wp-content\/uploads\/2025\/11\/20180805_180251-1536x1152.jpg 1536w, https:\/\/www.camping-rochefort.com\/wp-content\/uploads\/2025\/11\/20180805_180251-2048x1536.jpg 2048w\" sizes=\"(max-width: 1024px) 100vw, 1024px\" \/><\/a>\n\t\t\t<\/div><\/figure><figure class='gallery-item'>\n\t\t\t<div class='gallery-icon landscape'>\n\t\t\t\t<a data-elementor-open-lightbox=\"yes\" data-elementor-lightbox-slideshow=\"580fcd1\" data-elementor-lightbox-title=\"Mobil home 3 chambres au calme\" data-e-action-hash=\"#elementor-action%3Aaction%3Dlightbox%26settings%3DeyJpZCI6MTE0LCJ1cmwiOiJodHRwczpcL1wvd3d3LmNhbXBpbmctcm9jaGVmb3J0LmNvbVwvd3AtY29udGVudFwvdXBsb2Fkc1wvMjAyNVwvMTFcLzIwMTgwODA1XzE4MDAxMC1zY2FsZWQuanBnIiwic2xpZGVzaG93IjoiNTgwZmNkMSJ9\" href='https:\/\/www.camping-rochefort.com\/wp-content\/uploads\/2025\/11\/20180805_180010-scaled.jpg'><img loading=\"lazy\" decoding=\"async\" width=\"1024\" height=\"768\" src=\"https:\/\/www.camping-rochefort.com\/wp-content\/uploads\/2025\/11\/20180805_180010-1024x768.jpg\" class=\"attachment-large size-large\" alt=\"Mobil home 3 chambres au calme\" srcset=\"https:\/\/www.camping-rochefort.com\/wp-content\/uploads\/2025\/11\/20180805_180010-1024x768.jpg 1024w, https:\/\/www.camping-rochefort.com\/wp-content\/uploads\/2025\/11\/20180805_180010-300x225.jpg 300w, https:\/\/www.camping-rochefort.com\/wp-content\/uploads\/2025\/11\/20180805_180010-768x576.jpg 768w, https:\/\/www.camping-rochefort.com\/wp-content\/uploads\/2025\/11\/20180805_180010-1536x1152.jpg 1536w, https:\/\/www.camping-rochefort.com\/wp-content\/uploads\/2025\/11\/20180805_180010-2048x1536.jpg 2048w\" sizes=\"(max-width: 1024px) 100vw, 1024px\" \/><\/a>\n\t\t\t<\/div><\/figure><figure class='gallery-item'>\n\t\t\t<div class='gallery-icon landscape'>\n\t\t\t\t<a data-elementor-open-lightbox=\"yes\" data-elementor-lightbox-slideshow=\"580fcd1\" data-elementor-lightbox-title=\"Mobil home 2 chambres\" data-e-action-hash=\"#elementor-action%3Aaction%3Dlightbox%26settings%3DeyJpZCI6OTE0LCJ1cmwiOiJodHRwczpcL1wvd3d3LmNhbXBpbmctcm9jaGVmb3J0LmNvbVwvd3AtY29udGVudFwvdXBsb2Fkc1wvMjAyNlwvMDJcLzIwMjUwODIzXzE0NTYxOS1zY2FsZWQuanBnIiwic2xpZGVzaG93IjoiNTgwZmNkMSJ9\" href='https:\/\/www.camping-rochefort.com\/wp-content\/uploads\/2026\/02\/20250823_145619-scaled.jpg'><img loading=\"lazy\" decoding=\"async\" width=\"1024\" height=\"768\" src=\"https:\/\/www.camping-rochefort.com\/wp-content\/uploads\/2026\/02\/20250823_145619-scaled.jpg\" class=\"attachment-large size-large\" alt=\"Mobil home 2 chambres\" srcset=\"https:\/\/www.camping-rochefort.com\/wp-content\/uploads\/2026\/02\/20250823_145619-scaled.jpg 2560w, https:\/\/www.camping-rochefort.com\/wp-content\/uploads\/2026\/02\/20250823_145619-300x225.jpg 300w\" sizes=\"(max-width: 1024px) 100vw, 1024px\" \/><\/a>\n\t\t\t<\/div><\/figure>\n\t\t<\/div>\n\t\t<\/div>\n\t\t\t\t\t\t<\/div>\n\t\t\t\t\t<\/div>\n\t\t\t\t<\/div>\n\t\t<div class=\"elementor-element elementor-element-2ba925c e-flex e-con-boxed e-con e-parent\" data-id=\"2ba925c\" data-element_type=\"container\">\n\t\t\t\t\t<div class=\"e-con-inner\">\n\t\t\t\t<div class=\"elementor-element elementor-element-a056e10 elementor-alert-info elementor-invisible elementor-widget elementor-widget-alert\" data-id=\"a056e10\" data-element_type=\"widget\" data-settings=\"{&quot;_animation&quot;:&quot;bounceIn&quot;}\" data-widget_type=\"alert.default\">\n\t\t\t\t\t\t\t<div class=\"elementor-alert\" role=\"alert\">\n\n\t\t\t\t\t\t<span class=\"elementor-alert-title\">Information.<\/span>\n\t\t\t\n\t\t\t\t\t\t<span class=\"elementor-alert-description\">Une caution de 200 \u20ac vous sera demand\u00e9e \u00e0 votre arriv\u00e9e. <\/span>\n\t\t\t\n\t\t\t\n\t\t<\/div>\n\t\t\t\t\t\t<\/div>\n\t\t\t\t<div class=\"elementor-element elementor-element-76af8a0 elementor-alert-info elementor-invisible elementor-widget elementor-widget-alert\" data-id=\"76af8a0\" data-element_type=\"widget\" data-settings=\"{&quot;_animation&quot;:&quot;bounceIn&quot;}\" data-widget_type=\"alert.default\">\n\t\t\t\t\t\t\t<div class=\"elementor-alert\" role=\"alert\">\n\n\t\t\t\t\t\t<span class=\"elementor-alert-title\">En Juillet et en Ao\u00fbt<\/span>\n\t\t\t\n\t\t\t\t\t\t<span class=\"elementor-alert-description\">Les arriv\u00e9es et les d\u00e9parts se font uniquement les samedis.<\/span>\n\t\t\t\n\t\t\t\n\t\t<\/div>\n\t\t\t\t\t\t<\/div>\n\t\t\t\t\t<\/div>\n\t\t\t\t<\/div>\n\t\t<div class=\"elementor-element elementor-element-fa00c33 e-flex e-con-boxed e-con e-parent\" data-id=\"fa00c33\" data-element_type=\"container\">\n\t\t\t\t\t<div class=\"e-con-inner\">\n\t\t\t\t<div class=\"elementor-element elementor-element-d66772b elementor-widget elementor-widget-spacer\" data-id=\"d66772b\" data-element_type=\"widget\" data-widget_type=\"spacer.default\">\n\t\t\t\t\t\t\t<div class=\"elementor-spacer\">\n\t\t\t<div class=\"elementor-spacer-inner\"><\/div>\n\t\t<\/div>\n\t\t\t\t\t\t<\/div>\n\t\t\t\t<div class=\"elementor-element elementor-element-3daa4c8 elementor-view-default elementor-position-top elementor-mobile-position-top elementor-widget elementor-widget-icon-box\" data-id=\"3daa4c8\" data-element_type=\"widget\" data-widget_type=\"icon-box.default\">\n\t\t\t\t\t\t\t<div class=\"elementor-icon-box-wrapper\">\n\n\t\t\t\t\t\t<div class=\"elementor-icon-box-icon\">\n\t\t\t\t<span  class=\"elementor-icon elementor-animation-pop\">\n\t\t\t\t<svg aria-hidden=\"true\" class=\"e-font-icon-svg e-fas-star\" viewBox=\"0 0 576 512\" xmlns=\"http:\/\/www.w3.org\/2000\/svg\"><path d=\"M259.3 17.8L194 150.2 47.9 171.5c-26.2 3.8-36.7 36.1-17.7 54.6l105.7 103-25 145.5c-4.5 26.3 23.2 46 46.4 33.7L288 439.6l130.7 68.7c23.2 12.2 50.9-7.4 46.4-33.7l-25-145.5 105.7-103c19-18.5 8.5-50.8-17.7-54.6L382 150.2 316.7 17.8c-11.7-23.6-45.6-23.9-57.4 0z\"><\/path><\/svg>\t\t\t\t<\/span>\n\t\t\t<\/div>\n\t\t\t\n\t\t\t\t\t\t<div class=\"elementor-icon-box-content\">\n\n\t\t\t\t\t\t\t\t\t<h3 class=\"elementor-icon-box-title\">\n\t\t\t\t\t\t<span  >\n\t\t\t\t\t\t\tForfaits r\u00e9duction !!\t\t\t\t\t\t<\/span>\n\t\t\t\t\t<\/h3>\n\t\t\t\t\n\t\t\t\t\t\t\t\t\t<p class=\"elementor-icon-box-description\">\n\t\t\t\t\t\t\nNous appliquons -20% d\u00e8s 21 jours.  On vous attends !\t\t\t\t\t<\/p>\n\t\t\t\t\n\t\t\t<\/div>\n\t\t\t\n\t\t<\/div>\n\t\t\t\t\t\t<\/div>\n\t\t\t\t\t<\/div>\n\t\t\t\t<\/div>\n\t\t<div class=\"elementor-element elementor-element-e018326 e-flex e-con-boxed e-con e-parent\" data-id=\"e018326\" data-element_type=\"container\">\n\t\t\t\t\t<div class=\"e-con-inner\">\n\t\t\t\t<div class=\"elementor-element elementor-element-2632d27 elementor-widget elementor-widget-spacer\" data-id=\"2632d27\" data-element_type=\"widget\" data-widget_type=\"spacer.default\">\n\t\t\t\t\t\t\t<div class=\"elementor-spacer\">\n\t\t\t<div class=\"elementor-spacer-inner\"><\/div>\n\t\t<\/div>\n\t\t\t\t\t\t<\/div>\n\t\t\t\t<div class=\"elementor-element elementor-element-19084c8 elementor-align-center elementor-widget elementor-widget-button\" data-id=\"19084c8\" data-element_type=\"widget\" data-widget_type=\"button.default\">\n\t\t\t\t\t\t\t\t\t\t<a class=\"elementor-button elementor-button-link elementor-size-sm elementor-animation-bob\" href=\"http:\/\/campinq.cluster100.hosting.ovh.net\/wp-content\/uploads\/2025\/11\/tarifs-2026.pdf\">\n\t\t\t\t\t\t<span class=\"elementor-button-content-wrapper\">\n\t\t\t\t\t\t\t\t\t<span class=\"elementor-button-text\">Tarifs et Bon De R\u00e9servation <\/span>\n\t\t\t\t\t<\/span>\n\t\t\t\t\t<\/a>\n\t\t\t\t\t\t\t\t<\/div>\n\t\t\t\t<div class=\"elementor-element elementor-element-bfb2abb elementor-widget elementor-widget-spacer\" data-id=\"bfb2abb\" data-element_type=\"widget\" data-widget_type=\"spacer.default\">\n\t\t\t\t\t\t\t<div class=\"elementor-spacer\">\n\t\t\t<div class=\"elementor-spacer-inner\"><\/div>\n\t\t<\/div>\n\t\t\t\t\t\t<\/div>\n\t\t\t\t\t<\/div>\n\t\t\t\t<\/div>\n\t\t<div class=\"elementor-element elementor-element-4b86ae3 e-flex e-con-boxed e-con e-parent\" data-id=\"4b86ae3\" data-element_type=\"container\">\n\t\t\t\t\t<div class=\"e-con-inner\">\n\t\t\t\t<div class=\"elementor-element elementor-element-8ce718d elementor-widget elementor-widget-text-editor\" data-id=\"8ce718d\" data-element_type=\"widget\" data-widget_type=\"text-editor.default\">\n\t\t\t\t\t\t\t\t\t<p><a href=\"https:\/\/www.camping-rochefort.com\/index.php\/mon-arrivee-en-mobil-home\/\"><strong>Mon arriv\u00e9e au camping.<\/strong><\/a><\/p>\t\t\t\t\t\t\t\t<\/div>\n\t\t\t\t\t<\/div>\n\t\t\t\t<\/div>\n\t\t\t\t<\/div>\n\t\t","protected":false},"excerpt":{"rendered":"<p>En couple, en famille ou entre amis, d\u00e9couvrez nos mobil homes, pens\u00e9s pour des vacances reposantes et conviviales. Choisissez parmi [&hellip;]<\/p>\n","protected":false},"author":1,"featured_media":0,"parent":0,"menu_order":0,"comment_status":"closed","ping_status":"closed","template":"","meta":{"site-sidebar-layout":"default","site-content-layout":"","ast-site-content-layout":"default","site-content-style":"default","site-sidebar-style":"default","ast-global-header-display":"","ast-banner-title-visibility":"","ast-main-header-display":"","ast-hfb-above-header-display":"","ast-hfb-below-header-display":"","ast-hfb-mobile-header-display":"","site-post-title":"","ast-breadcrumbs-content":"","ast-featured-img":"","footer-sml-layout":"","ast-disable-related-posts":"","theme-transparent-header-meta":"","adv-header-id-meta":"","stick-header-meta":"","header-above-stick-meta":"","header-main-stick-meta":"","header-below-stick-meta":"","astra-migrate-meta-layouts":"default","ast-page-background-enabled":"default","ast-page-background-meta":{"desktop":{"background-color":"var(--ast-global-color-5)","background-image":"","background-repeat":"repeat","background-position":"center center","background-size":"auto","background-attachment":"scroll","background-type":"","background-media":"","overlay-type":"","overlay-color":"","overlay-opacity":"","overlay-gradient":""},"tablet":{"background-color":"","background-image":"","background-repeat":"repeat","background-position":"center center","background-size":"auto","background-attachment":"scroll","background-type":"","background-media":"","overlay-type":"","overlay-color":"","overlay-opacity":"","overlay-gradient":""},"mobile":{"background-color":"","background-image":"","background-repeat":"repeat","background-position":"center center","background-size":"auto","background-attachment":"scroll","background-type":"","background-media":"","overlay-type":"","overlay-color":"","overlay-opacity":"","overlay-gradient":""}},"ast-content-background-meta":{"desktop":{"background-color":"var(--ast-global-color-4)","background-image":"","background-repeat":"repeat","background-position":"center center","background-size":"auto","background-attachment":"scroll","background-type":"","background-media":"","overlay-type":"","overlay-color":"","overlay-opacity":"","overlay-gradient":""},"tablet":{"background-color":"var(--ast-global-color-4)","background-image":"","background-repeat":"repeat","background-position":"center center","background-size":"auto","background-attachment":"scroll","background-type":"","background-media":"","overlay-type":"","overlay-color":"","overlay-opacity":"","overlay-gradient":""},"mobile":{"background-color":"var(--ast-global-color-4)","background-image":"","background-repeat":"repeat","background-position":"center center","background-size":"auto","background-attachment":"scroll","background-type":"","background-media":"","overlay-type":"","overlay-color":"","overlay-opacity":"","overlay-gradient":""}},"footnotes":""},"class_list":["post-41","page","type-page","status-publish","hentry"],"_links":{"self":[{"href":"https:\/\/www.camping-rochefort.com\/index.php\/wp-json\/wp\/v2\/pages\/41","targetHints":{"allow":["GET"]}}],"collection":[{"href":"https:\/\/www.camping-rochefort.com\/index.php\/wp-json\/wp\/v2\/pages"}],"about":[{"href":"https:\/\/www.camping-rochefort.com\/index.php\/wp-json\/wp\/v2\/types\/page"}],"author":[{"embeddable":true,"href":"https:\/\/www.camping-rochefort.com\/index.php\/wp-json\/wp\/v2\/users\/1"}],"replies":[{"embeddable":true,"href":"https:\/\/www.camping-rochefort.com\/index.php\/wp-json\/wp\/v2\/comments?post=41"}],"version-history":[{"count":70,"href":"https:\/\/www.camping-rochefort.com\/index.php\/wp-json\/wp\/v2\/pages\/41\/revisions"}],"predecessor-version":[{"id":939,"href":"https:\/\/www.camping-rochefort.com\/index.php\/wp-json\/wp\/v2\/pages\/41\/revisions\/939"}],"wp:attachment":[{"href":"https:\/\/www.camping-rochefort.com\/index.php\/wp-json\/wp\/v2\/media?parent=41"}],"curies":[{"name":"wp","href":"https:\/\/api.w.org\/{rel}","templated":true}]}}