{"id":59,"date":"2025-11-27T16:09:08","date_gmt":"2025-11-27T16:09:08","guid":{"rendered":"https:\/\/campinq.cluster100.hosting.ovh.net\/?page_id=59"},"modified":"2026-02-06T10:04:06","modified_gmt":"2026-02-06T10:04:06","slug":"location-emplacement","status":"publish","type":"page","link":"https:\/\/www.camping-rochefort.com\/index.php\/location-emplacement\/","title":{"rendered":"Location d&#8217;emplacements"},"content":{"rendered":"\t\t<div data-elementor-type=\"wp-page\" data-elementor-id=\"59\" class=\"elementor elementor-59\">\n\t\t\t\t<div class=\"elementor-element elementor-element-801eb62 e-flex e-con-boxed e-con e-parent\" data-id=\"801eb62\" data-element_type=\"container\">\n\t\t\t\t\t<div class=\"e-con-inner\">\n\t\t\t\t<div class=\"elementor-element elementor-element-7149cf6 elementor-widget elementor-widget-text-editor\" data-id=\"7149cf6\" data-element_type=\"widget\" data-widget_type=\"text-editor.default\">\n\t\t\t\t\t\t\t\t\t<p><strong>En famille ou entre amis, profitez de nos emplacements spacieux pouvant accueillir tentes, camping-cars, caravanes et vans. Selon vos envies, installez-vous \u00e0 l\u2019ombre, au soleil ou \u00e0 mi-ombre, et savourez des vacances simples et conviviales \u00e0 des tarifs tr\u00e8s attractifs.<\/strong><\/p>\t\t\t\t\t\t\t\t<\/div>\n\t\t\t\t\t<\/div>\n\t\t\t\t<\/div>\n\t\t<div class=\"elementor-element elementor-element-327abb0 e-flex e-con-boxed e-con e-parent\" data-id=\"327abb0\" data-element_type=\"container\">\n\t\t\t\t\t<div class=\"e-con-inner\">\n\t\t\t\t<div class=\"elementor-element elementor-element-7a63297 gallery-spacing-custom elementor-widget elementor-widget-image-gallery\" data-id=\"7a63297\" data-element_type=\"widget\" data-widget_type=\"image-gallery.default\">\n\t\t\t\t\t\t\t<div class=\"elementor-image-gallery\">\n\t\t\t<div id='gallery-1' class='gallery galleryid-59 gallery-columns-3 gallery-size-large'><figure class='gallery-item'>\n\t\t\t<div class='gallery-icon landscape'>\n\t\t\t\t<a data-elementor-open-lightbox=\"yes\" data-elementor-lightbox-slideshow=\"7a63297\" data-elementor-lightbox-title=\"Emplacement van\" data-e-action-hash=\"#elementor-action%3Aaction%3Dlightbox%26settings%3DeyJpZCI6NjEsInVybCI6Imh0dHBzOlwvXC93d3cuY2FtcGluZy1yb2NoZWZvcnQuY29tXC93cC1jb250ZW50XC91cGxvYWRzXC8yMDI1XC8xMVwvMjAyMzA4MThfMTY1NDE4LmpwZyIsInNsaWRlc2hvdyI6IjdhNjMyOTcifQ%3D%3D\" href='https:\/\/www.camping-rochefort.com\/wp-content\/uploads\/2025\/11\/20230818_165418.jpg'><img fetchpriority=\"high\" decoding=\"async\" width=\"1024\" height=\"768\" src=\"https:\/\/www.camping-rochefort.com\/wp-content\/uploads\/2025\/11\/20230818_165418-1024x768.jpg\" class=\"attachment-large size-large\" alt=\"Emplacement van\" srcset=\"https:\/\/www.camping-rochefort.com\/wp-content\/uploads\/2025\/11\/20230818_165418-1024x768.jpg 1024w, https:\/\/www.camping-rochefort.com\/wp-content\/uploads\/2025\/11\/20230818_165418-300x225.jpg 300w, https:\/\/www.camping-rochefort.com\/wp-content\/uploads\/2025\/11\/20230818_165418-768x576.jpg 768w, https:\/\/www.camping-rochefort.com\/wp-content\/uploads\/2025\/11\/20230818_165418.jpg 1280w\" sizes=\"(max-width: 1024px) 100vw, 1024px\" \/><\/a>\n\t\t\t<\/div><\/figure><figure class='gallery-item'>\n\t\t\t<div class='gallery-icon landscape'>\n\t\t\t\t<a data-elementor-open-lightbox=\"yes\" data-elementor-lightbox-slideshow=\"7a63297\" data-elementor-lightbox-title=\"Emplacement caravane et  tente tr\u00e8s spacieux\" data-e-action-hash=\"#elementor-action%3Aaction%3Dlightbox%26settings%3DeyJpZCI6NjQsInVybCI6Imh0dHBzOlwvXC93d3cuY2FtcGluZy1yb2NoZWZvcnQuY29tXC93cC1jb250ZW50XC91cGxvYWRzXC8yMDI1XC8xMVwvMjAyMDA4MTlfMTYxMTUzLXNjYWxlZC5qcGciLCJzbGlkZXNob3ciOiI3YTYzMjk3In0%3D\" href='https:\/\/www.camping-rochefort.com\/wp-content\/uploads\/2025\/11\/20200819_161153-scaled.jpg'><img decoding=\"async\" width=\"1024\" height=\"768\" src=\"https:\/\/www.camping-rochefort.com\/wp-content\/uploads\/2025\/11\/20200819_161153-1024x768.jpg\" class=\"attachment-large size-large\" alt=\"Emplacement caravane et tente tr\u00e8s spacieux\" srcset=\"https:\/\/www.camping-rochefort.com\/wp-content\/uploads\/2025\/11\/20200819_161153-1024x768.jpg 1024w, https:\/\/www.camping-rochefort.com\/wp-content\/uploads\/2025\/11\/20200819_161153-300x225.jpg 300w, https:\/\/www.camping-rochefort.com\/wp-content\/uploads\/2025\/11\/20200819_161153-768x576.jpg 768w, https:\/\/www.camping-rochefort.com\/wp-content\/uploads\/2025\/11\/20200819_161153-1536x1152.jpg 1536w, https:\/\/www.camping-rochefort.com\/wp-content\/uploads\/2025\/11\/20200819_161153-2048x1536.jpg 2048w\" sizes=\"(max-width: 1024px) 100vw, 1024px\" \/><\/a>\n\t\t\t<\/div><\/figure><figure class='gallery-item'>\n\t\t\t<div class='gallery-icon landscape'>\n\t\t\t\t<a data-elementor-open-lightbox=\"yes\" data-elementor-lightbox-slideshow=\"7a63297\" data-elementor-lightbox-title=\"Emplacement spacieux caravane\" data-e-action-hash=\"#elementor-action%3Aaction%3Dlightbox%26settings%3DeyJpZCI6NjYsInVybCI6Imh0dHBzOlwvXC93d3cuY2FtcGluZy1yb2NoZWZvcnQuY29tXC93cC1jb250ZW50XC91cGxvYWRzXC8yMDI1XC8xMVwvMjAyMTA3MTlfMTUzNzU0LXNjYWxlZC5qcGciLCJzbGlkZXNob3ciOiI3YTYzMjk3In0%3D\" href='https:\/\/www.camping-rochefort.com\/wp-content\/uploads\/2025\/11\/20210719_153754-scaled.jpg'><img decoding=\"async\" width=\"1024\" height=\"768\" src=\"https:\/\/www.camping-rochefort.com\/wp-content\/uploads\/2025\/11\/20210719_153754-1024x768.jpg\" class=\"attachment-large size-large\" alt=\"Emplacement spacieux caravane\" srcset=\"https:\/\/www.camping-rochefort.com\/wp-content\/uploads\/2025\/11\/20210719_153754-1024x768.jpg 1024w, https:\/\/www.camping-rochefort.com\/wp-content\/uploads\/2025\/11\/20210719_153754-300x225.jpg 300w, https:\/\/www.camping-rochefort.com\/wp-content\/uploads\/2025\/11\/20210719_153754-768x576.jpg 768w, https:\/\/www.camping-rochefort.com\/wp-content\/uploads\/2025\/11\/20210719_153754-1536x1152.jpg 1536w, https:\/\/www.camping-rochefort.com\/wp-content\/uploads\/2025\/11\/20210719_153754-2048x1536.jpg 2048w\" sizes=\"(max-width: 1024px) 100vw, 1024px\" \/><\/a>\n\t\t\t<\/div><\/figure><figure class='gallery-item'>\n\t\t\t<div class='gallery-icon landscape'>\n\t\t\t\t<a data-elementor-open-lightbox=\"yes\" data-elementor-lightbox-slideshow=\"7a63297\" data-elementor-lightbox-title=\"Emplacement van\" data-e-action-hash=\"#elementor-action%3Aaction%3Dlightbox%26settings%3DeyJpZCI6NjMsInVybCI6Imh0dHBzOlwvXC93d3cuY2FtcGluZy1yb2NoZWZvcnQuY29tXC93cC1jb250ZW50XC91cGxvYWRzXC8yMDI1XC8xMVwvMjAyMDA5MDNfMTczNzEyLXNjYWxlZC5qcGciLCJzbGlkZXNob3ciOiI3YTYzMjk3In0%3D\" href='https:\/\/www.camping-rochefort.com\/wp-content\/uploads\/2025\/11\/20200903_173712-scaled.jpg'><img loading=\"lazy\" decoding=\"async\" width=\"1024\" height=\"768\" src=\"https:\/\/www.camping-rochefort.com\/wp-content\/uploads\/2025\/11\/20200903_173712-1024x768.jpg\" class=\"attachment-large size-large\" alt=\"Emplacement van\" srcset=\"https:\/\/www.camping-rochefort.com\/wp-content\/uploads\/2025\/11\/20200903_173712-1024x768.jpg 1024w, https:\/\/www.camping-rochefort.com\/wp-content\/uploads\/2025\/11\/20200903_173712-300x225.jpg 300w, https:\/\/www.camping-rochefort.com\/wp-content\/uploads\/2025\/11\/20200903_173712-768x576.jpg 768w, https:\/\/www.camping-rochefort.com\/wp-content\/uploads\/2025\/11\/20200903_173712-1536x1152.jpg 1536w, https:\/\/www.camping-rochefort.com\/wp-content\/uploads\/2025\/11\/20200903_173712-2048x1536.jpg 2048w\" sizes=\"(max-width: 1024px) 100vw, 1024px\" \/><\/a>\n\t\t\t<\/div><\/figure><figure class='gallery-item'>\n\t\t\t<div class='gallery-icon landscape'>\n\t\t\t\t<a data-elementor-open-lightbox=\"yes\" data-elementor-lightbox-slideshow=\"7a63297\" data-elementor-lightbox-title=\"Emplacement caravane et voiture\" data-e-action-hash=\"#elementor-action%3Aaction%3Dlightbox%26settings%3DeyJpZCI6NjcsInVybCI6Imh0dHBzOlwvXC93d3cuY2FtcGluZy1yb2NoZWZvcnQuY29tXC93cC1jb250ZW50XC91cGxvYWRzXC8yMDI1XC8xMVwvMjAyMTA3MTlfMTUzODE1LXNjYWxlZC5qcGciLCJzbGlkZXNob3ciOiI3YTYzMjk3In0%3D\" href='https:\/\/www.camping-rochefort.com\/wp-content\/uploads\/2025\/11\/20210719_153815-scaled.jpg'><img loading=\"lazy\" decoding=\"async\" width=\"1024\" height=\"768\" src=\"https:\/\/www.camping-rochefort.com\/wp-content\/uploads\/2025\/11\/20210719_153815-1024x768.jpg\" class=\"attachment-large size-large\" alt=\"Emplacement caravane et voiture\" srcset=\"https:\/\/www.camping-rochefort.com\/wp-content\/uploads\/2025\/11\/20210719_153815-1024x768.jpg 1024w, https:\/\/www.camping-rochefort.com\/wp-content\/uploads\/2025\/11\/20210719_153815-300x225.jpg 300w, https:\/\/www.camping-rochefort.com\/wp-content\/uploads\/2025\/11\/20210719_153815-768x576.jpg 768w, https:\/\/www.camping-rochefort.com\/wp-content\/uploads\/2025\/11\/20210719_153815-1536x1152.jpg 1536w, https:\/\/www.camping-rochefort.com\/wp-content\/uploads\/2025\/11\/20210719_153815-2048x1536.jpg 2048w\" sizes=\"(max-width: 1024px) 100vw, 1024px\" \/><\/a>\n\t\t\t<\/div><\/figure><figure class='gallery-item'>\n\t\t\t<div class='gallery-icon landscape'>\n\t\t\t\t<a data-elementor-open-lightbox=\"yes\" data-elementor-lightbox-slideshow=\"7a63297\" data-elementor-lightbox-title=\"Grand espace pour caravane\" data-e-action-hash=\"#elementor-action%3Aaction%3Dlightbox%26settings%3DeyJpZCI6NjUsInVybCI6Imh0dHBzOlwvXC93d3cuY2FtcGluZy1yb2NoZWZvcnQuY29tXC93cC1jb250ZW50XC91cGxvYWRzXC8yMDI1XC8xMVwvMjAyMTA3MTlfMTU0NjM3LXNjYWxlZC5qcGciLCJzbGlkZXNob3ciOiI3YTYzMjk3In0%3D\" href='https:\/\/www.camping-rochefort.com\/wp-content\/uploads\/2025\/11\/20210719_154637-scaled.jpg'><img loading=\"lazy\" decoding=\"async\" width=\"1024\" height=\"768\" src=\"https:\/\/www.camping-rochefort.com\/wp-content\/uploads\/2025\/11\/20210719_154637-1024x768.jpg\" class=\"attachment-large size-large\" alt=\"Grand espace pour caravane\" srcset=\"https:\/\/www.camping-rochefort.com\/wp-content\/uploads\/2025\/11\/20210719_154637-1024x768.jpg 1024w, https:\/\/www.camping-rochefort.com\/wp-content\/uploads\/2025\/11\/20210719_154637-300x225.jpg 300w, https:\/\/www.camping-rochefort.com\/wp-content\/uploads\/2025\/11\/20210719_154637-768x576.jpg 768w, https:\/\/www.camping-rochefort.com\/wp-content\/uploads\/2025\/11\/20210719_154637-1536x1152.jpg 1536w, https:\/\/www.camping-rochefort.com\/wp-content\/uploads\/2025\/11\/20210719_154637-2048x1536.jpg 2048w\" sizes=\"(max-width: 1024px) 100vw, 1024px\" \/><\/a>\n\t\t\t<\/div><\/figure>\n\t\t<\/div>\n\t\t<\/div>\n\t\t\t\t\t\t<\/div>\n\t\t\t\t\t<\/div>\n\t\t\t\t<\/div>\n\t\t<div class=\"elementor-element elementor-element-7323412 e-flex e-con-boxed e-con e-parent\" data-id=\"7323412\" data-element_type=\"container\">\n\t\t\t\t\t<div class=\"e-con-inner\">\n\t\t\t\t<div class=\"elementor-element elementor-element-8290376 elementor-alert-info elementor-invisible elementor-widget elementor-widget-alert\" data-id=\"8290376\" data-element_type=\"widget\" data-settings=\"{&quot;_animation&quot;:&quot;bounceIn&quot;}\" data-widget_type=\"alert.default\">\n\t\t\t\t\t\t\t<div class=\"elementor-alert\" role=\"alert\">\n\n\t\t\t\t\t\t<span class=\"elementor-alert-title\">Information !<\/span>\n\t\t\t\n\t\t\t\t\t\t<span class=\"elementor-alert-description\">Pour avoir acc\u00e8s \u00e0 l'\u00e9lectricit\u00e9, il vous faudra l'adaptateur europ\u00e9en. Pas de panique, si vous n'en avez pas, nous en fournissons ( \u00e0 l'achat ou \u00e0 la location ).<\/span>\n\t\t\t\n\t\t\t\n\t\t<\/div>\n\t\t\t\t\t\t<\/div>\n\t\t\t\t<div class=\"elementor-element elementor-element-07c2de5 elementor-widget elementor-widget-spacer\" data-id=\"07c2de5\" data-element_type=\"widget\" data-widget_type=\"spacer.default\">\n\t\t\t\t\t\t\t<div class=\"elementor-spacer\">\n\t\t\t<div class=\"elementor-spacer-inner\"><\/div>\n\t\t<\/div>\n\t\t\t\t\t\t<\/div>\n\t\t\t\t\t<\/div>\n\t\t\t\t<\/div>\n\t\t<div class=\"elementor-element elementor-element-0b75eb2 e-flex e-con-boxed e-con e-parent\" data-id=\"0b75eb2\" data-element_type=\"container\">\n\t\t\t\t\t<div class=\"e-con-inner\">\n\t\t\t\t<div class=\"elementor-element elementor-element-5963406 elementor-view-default elementor-position-top elementor-mobile-position-top elementor-widget elementor-widget-icon-box\" data-id=\"5963406\" data-element_type=\"widget\" data-widget_type=\"icon-box.default\">\n\t\t\t\t\t\t\t<div class=\"elementor-icon-box-wrapper\">\n\n\t\t\t\t\t\t<div class=\"elementor-icon-box-icon\">\n\t\t\t\t<span  class=\"elementor-icon elementor-animation-float\">\n\t\t\t\t<svg aria-hidden=\"true\" class=\"e-font-icon-svg e-fas-star\" viewBox=\"0 0 576 512\" xmlns=\"http:\/\/www.w3.org\/2000\/svg\"><path d=\"M259.3 17.8L194 150.2 47.9 171.5c-26.2 3.8-36.7 36.1-17.7 54.6l105.7 103-25 145.5c-4.5 26.3 23.2 46 46.4 33.7L288 439.6l130.7 68.7c23.2 12.2 50.9-7.4 46.4-33.7l-25-145.5 105.7-103c19-18.5 8.5-50.8-17.7-54.6L382 150.2 316.7 17.8c-11.7-23.6-45.6-23.9-57.4 0z\"><\/path><\/svg>\t\t\t\t<\/span>\n\t\t\t<\/div>\n\t\t\t\n\t\t\t\t\t\t<div class=\"elementor-icon-box-content\">\n\n\t\t\t\t\t\t\t\t\t<h3 class=\"elementor-icon-box-title\">\n\t\t\t\t\t\t<span  >\n\t\t\t\t\t\t\tForfaits r\u00e9duction !!\t\t\t\t\t\t<\/span>\n\t\t\t\t\t<\/h3>\n\t\t\t\t\n\t\t\t\t\t\t\t\t\t<p class=\"elementor-icon-box-description\">\n\t\t\t\t\t\tNous  appliquons -10% d\u00e8s 21 jours et -15% d\u00e8s 31 jours. On vous attends !\t\t\t\t\t<\/p>\n\t\t\t\t\n\t\t\t<\/div>\n\t\t\t\n\t\t<\/div>\n\t\t\t\t\t\t<\/div>\n\t\t\t\t\t<\/div>\n\t\t\t\t<\/div>\n\t\t<div class=\"elementor-element elementor-element-0f72a50 e-flex e-con-boxed e-con e-parent\" data-id=\"0f72a50\" data-element_type=\"container\">\n\t\t\t\t\t<div class=\"e-con-inner\">\n\t\t\t\t<div class=\"elementor-element elementor-element-dbd17ad elementor-widget elementor-widget-spacer\" data-id=\"dbd17ad\" data-element_type=\"widget\" data-widget_type=\"spacer.default\">\n\t\t\t\t\t\t\t<div class=\"elementor-spacer\">\n\t\t\t<div class=\"elementor-spacer-inner\"><\/div>\n\t\t<\/div>\n\t\t\t\t\t\t<\/div>\n\t\t\t\t\t<\/div>\n\t\t\t\t<\/div>\n\t\t<div class=\"elementor-element elementor-element-8f36bab e-grid e-con-boxed e-con e-parent\" data-id=\"8f36bab\" data-element_type=\"container\">\n\t\t\t\t\t<div class=\"e-con-inner\">\n\t\t\t\t<div class=\"elementor-element elementor-element-a3eb503 elementor-align-left elementor-widget elementor-widget-button\" data-id=\"a3eb503\" data-element_type=\"widget\" data-widget_type=\"button.default\">\n\t\t\t\t\t\t\t\t\t\t<a class=\"elementor-button elementor-button-link elementor-size-sm elementor-animation-bob\" href=\"https:\/\/www.camping-rochefort.com\/index.php\/cyclistes\/\">\n\t\t\t\t\t\t<span class=\"elementor-button-content-wrapper\">\n\t\t\t\t\t\t\t\t\t<span class=\"elementor-button-text\">Je suis cycliste, et je pr\u00e9f\u00e8re un emplacement  sans \u00e9lectricit\u00e9.<\/span>\n\t\t\t\t\t<\/span>\n\t\t\t\t\t<\/a>\n\t\t\t\t\t\t\t\t<\/div>\n\t\t\t\t<div class=\"elementor-element elementor-element-fdce03c elementor-align-center elementor-widget elementor-widget-button\" data-id=\"fdce03c\" data-element_type=\"widget\" data-widget_type=\"button.default\">\n\t\t\t\t\t\t\t\t\t\t<a class=\"elementor-button elementor-button-link elementor-size-sm elementor-animation-bob\" href=\"http:\/\/campinq.cluster100.hosting.ovh.net\/wp-content\/uploads\/2025\/11\/tarifs-2026.pdf\">\n\t\t\t\t\t\t<span class=\"elementor-button-content-wrapper\">\n\t\t\t\t\t\t\t\t\t<span class=\"elementor-button-text\">T\u00e9l\u00e9charger les tarifs et le bon de r\u00e9servation<\/span>\n\t\t\t\t\t<\/span>\n\t\t\t\t\t<\/a>\n\t\t\t\t\t\t\t\t<\/div>\n\t\t\t\t\t<\/div>\n\t\t\t\t<\/div>\n\t\t<div class=\"elementor-element elementor-element-c7acc86 e-flex e-con-boxed e-con e-parent\" data-id=\"c7acc86\" data-element_type=\"container\">\n\t\t\t\t\t<div class=\"e-con-inner\">\n\t\t\t\t<div class=\"elementor-element elementor-element-bdb4ddf elementor-widget elementor-widget-spacer\" data-id=\"bdb4ddf\" data-element_type=\"widget\" data-widget_type=\"spacer.default\">\n\t\t\t\t\t\t\t<div class=\"elementor-spacer\">\n\t\t\t<div class=\"elementor-spacer-inner\"><\/div>\n\t\t<\/div>\n\t\t\t\t\t\t<\/div>\n\t\t\t\t\t<\/div>\n\t\t\t\t<\/div>\n\t\t<div class=\"elementor-element elementor-element-e5c3d8d e-flex e-con-boxed e-con e-parent\" data-id=\"e5c3d8d\" data-element_type=\"container\">\n\t\t\t\t\t<div class=\"e-con-inner\">\n\t\t\t\t<div class=\"elementor-element elementor-element-619ffda elementor-widget elementor-widget-text-editor\" data-id=\"619ffda\" data-element_type=\"widget\" data-widget_type=\"text-editor.default\">\n\t\t\t\t\t\t\t\t\t<p><a href=\"https:\/\/www.camping-rochefort.com\/index.php\/mon-arrivee-en-emplacement\/\"><strong>Mon arriv\u00e9e au camping.<\/strong><\/a><\/p>\t\t\t\t\t\t\t\t<\/div>\n\t\t\t\t\t<\/div>\n\t\t\t\t<\/div>\n\t\t\t\t<\/div>\n\t\t","protected":false},"excerpt":{"rendered":"<p>En famille ou entre amis, profitez de nos emplacements spacieux pouvant accueillir tentes, camping-cars, caravanes et vans. Selon vos envies, [&hellip;]<\/p>\n","protected":false},"author":1,"featured_media":0,"parent":0,"menu_order":0,"comment_status":"closed","ping_status":"closed","template":"","meta":{"site-sidebar-layout":"default","site-content-layout":"","ast-site-content-layout":"default","site-content-style":"default","site-sidebar-style":"default","ast-global-header-display":"","ast-banner-title-visibility":"","ast-main-header-display":"","ast-hfb-above-header-display":"","ast-hfb-below-header-display":"","ast-hfb-mobile-header-display":"","site-post-title":"","ast-breadcrumbs-content":"","ast-featured-img":"","footer-sml-layout":"","ast-disable-related-posts":"","theme-transparent-header-meta":"","adv-header-id-meta":"","stick-header-meta":"","header-above-stick-meta":"","header-main-stick-meta":"","header-below-stick-meta":"","astra-migrate-meta-layouts":"default","ast-page-background-enabled":"default","ast-page-background-meta":{"desktop":{"background-color":"var(--ast-global-color-5)","background-image":"","background-repeat":"repeat","background-position":"center center","background-size":"auto","background-attachment":"scroll","background-type":"","background-media":"","overlay-type":"","overlay-color":"","overlay-opacity":"","overlay-gradient":""},"tablet":{"background-color":"","background-image":"","background-repeat":"repeat","background-position":"center center","background-size":"auto","background-attachment":"scroll","background-type":"","background-media":"","overlay-type":"","overlay-color":"","overlay-opacity":"","overlay-gradient":""},"mobile":{"background-color":"","background-image":"","background-repeat":"repeat","background-position":"center center","background-size":"auto","background-attachment":"scroll","background-type":"","background-media":"","overlay-type":"","overlay-color":"","overlay-opacity":"","overlay-gradient":""}},"ast-content-background-meta":{"desktop":{"background-color":"var(--ast-global-color-4)","background-image":"","background-repeat":"repeat","background-position":"center center","background-size":"auto","background-attachment":"scroll","background-type":"","background-media":"","overlay-type":"","overlay-color":"","overlay-opacity":"","overlay-gradient":""},"tablet":{"background-color":"var(--ast-global-color-4)","background-image":"","background-repeat":"repeat","background-position":"center center","background-size":"auto","background-attachment":"scroll","background-type":"","background-media":"","overlay-type":"","overlay-color":"","overlay-opacity":"","overlay-gradient":""},"mobile":{"background-color":"var(--ast-global-color-4)","background-image":"","background-repeat":"repeat","background-position":"center center","background-size":"auto","background-attachment":"scroll","background-type":"","background-media":"","overlay-type":"","overlay-color":"","overlay-opacity":"","overlay-gradient":""}},"footnotes":""},"class_list":["post-59","page","type-page","status-publish","hentry"],"_links":{"self":[{"href":"https:\/\/www.camping-rochefort.com\/index.php\/wp-json\/wp\/v2\/pages\/59","targetHints":{"allow":["GET"]}}],"collection":[{"href":"https:\/\/www.camping-rochefort.com\/index.php\/wp-json\/wp\/v2\/pages"}],"about":[{"href":"https:\/\/www.camping-rochefort.com\/index.php\/wp-json\/wp\/v2\/types\/page"}],"author":[{"embeddable":true,"href":"https:\/\/www.camping-rochefort.com\/index.php\/wp-json\/wp\/v2\/users\/1"}],"replies":[{"embeddable":true,"href":"https:\/\/www.camping-rochefort.com\/index.php\/wp-json\/wp\/v2\/comments?post=59"}],"version-history":[{"count":80,"href":"https:\/\/www.camping-rochefort.com\/index.php\/wp-json\/wp\/v2\/pages\/59\/revisions"}],"predecessor-version":[{"id":936,"href":"https:\/\/www.camping-rochefort.com\/index.php\/wp-json\/wp\/v2\/pages\/59\/revisions\/936"}],"wp:attachment":[{"href":"https:\/\/www.camping-rochefort.com\/index.php\/wp-json\/wp\/v2\/media?parent=59"}],"curies":[{"name":"wp","href":"https:\/\/api.w.org\/{rel}","templated":true}]}}