{"id":681,"date":"2026-02-05T10:01:38","date_gmt":"2026-02-05T10:01:38","guid":{"rendered":"https:\/\/www.camping-rochefort.com\/?page_id=681"},"modified":"2026-02-05T10:36:24","modified_gmt":"2026-02-05T10:36:24","slug":"mon-arrivee-en-emplacement","status":"publish","type":"page","link":"https:\/\/www.camping-rochefort.com\/index.php\/mon-arrivee-en-emplacement\/","title":{"rendered":"Mon arriv\u00e9e en emplacement"},"content":{"rendered":"\t\t<div data-elementor-type=\"wp-page\" data-elementor-id=\"681\" class=\"elementor elementor-681\">\n\t\t\t\t<div class=\"elementor-element elementor-element-39e51ac e-flex e-con-boxed e-con e-parent\" data-id=\"39e51ac\" data-element_type=\"container\">\n\t\t\t\t\t<div class=\"e-con-inner\">\n\t\t\t\t<div class=\"elementor-element elementor-element-e7a2185 elementor-widget elementor-widget-heading\" data-id=\"e7a2185\" data-element_type=\"widget\" data-widget_type=\"heading.default\">\n\t\t\t\t\t<h1 class=\"elementor-heading-title elementor-size-default\">J'ai une r\u00e9servation, mais comment se passe l'arriv\u00e9e ?<\/h1>\t\t\t\t<\/div>\n\t\t\t\t\t<\/div>\n\t\t\t\t<\/div>\n\t\t<div class=\"elementor-element elementor-element-de057a1 e-flex e-con-boxed e-con e-parent\" data-id=\"de057a1\" data-element_type=\"container\">\n\t\t\t\t\t<div class=\"e-con-inner\">\n\t\t\t\t<div class=\"elementor-element elementor-element-0d9c56f elementor-widget elementor-widget-image\" data-id=\"0d9c56f\" data-element_type=\"widget\" data-widget_type=\"image.default\">\n\t\t\t\t\t\t\t\t\t\t\t\t\t\t\t<img decoding=\"async\" src=\"https:\/\/www.camping-rochefort.com\/wp-content\/uploads\/elementor\/thumbs\/Copie-de-bateau11-e1764258186472-rfbv0us67alrnri6jqh6srra0o34k52qj9jnbqg51k.jpg\" title=\"Copie de bateau11\" alt=\"bateau du camping\" loading=\"lazy\" \/>\t\t\t\t\t\t\t\t\t\t\t\t\t\t\t<\/div>\n\t\t\t\t\t<\/div>\n\t\t\t\t<\/div>\n\t\t<div class=\"elementor-element elementor-element-9a0dcc9 e-flex e-con-boxed e-con e-parent\" data-id=\"9a0dcc9\" data-element_type=\"container\">\n\t\t\t\t\t<div class=\"e-con-inner\">\n\t\t\t\t<div class=\"elementor-element elementor-element-8153b17 elementor-widget elementor-widget-text-editor\" data-id=\"8153b17\" data-element_type=\"widget\" data-widget_type=\"text-editor.default\">\n\t\t\t\t\t\t\t\t\t<p><strong>Merci de nous avoir confi\u00e9 vos vacances !<\/strong><\/p><p><strong>Nous allons vous expliquer ce dont nous aurons besoin pour une arriv\u00e9e optimale !<\/strong><\/p><p><strong>Vous pourrez arriver \u00e0 partir de <span style=\"color: #993300;\">14h30<\/span>, munissez-vous de votre <span style=\"color: #993300;\">carte d&rsquo;identit\u00e9<\/span>, du num\u00e9ro d&rsquo;<span style=\"color: #993300;\">immatriculation du v\u00e9hicule<\/span> (garez-vous sur le parking, inutile de rester devant le portail, il ne s&rsquo;ouvrira pas \ud83d\ude09 )et d&rsquo;un <span style=\"color: #993300;\">moyen de paiement<\/span> (le solde est \u00e0 r\u00e9gler \u00e0 votre arriv\u00e9e).<\/strong><\/p><p><strong>Pour le retour, vous aurez jusqu&rsquo;\u00e0 12h pour plier bagages.\u00a0<\/strong><\/p>\t\t\t\t\t\t\t\t<\/div>\n\t\t\t\t\t<\/div>\n\t\t\t\t<\/div>\n\t\t\t\t<\/div>\n\t\t","protected":false},"excerpt":{"rendered":"<p>J&rsquo;ai une r\u00e9servation, mais comment se passe l&rsquo;arriv\u00e9e ? Merci de nous avoir confi\u00e9 vos vacances ! Nous allons vous [&hellip;]<\/p>\n","protected":false},"author":1,"featured_media":0,"parent":0,"menu_order":0,"comment_status":"closed","ping_status":"closed","template":"","meta":{"site-sidebar-layout":"no-sidebar","site-content-layout":"","ast-site-content-layout":"full-width-container","site-content-style":"default","site-sidebar-style":"default","ast-global-header-display":"","ast-banner-title-visibility":"","ast-main-header-display":"","ast-hfb-above-header-display":"","ast-hfb-below-header-display":"","ast-hfb-mobile-header-display":"","site-post-title":"","ast-breadcrumbs-content":"","ast-featured-img":"disabled","footer-sml-layout":"","ast-disable-related-posts":"","theme-transparent-header-meta":"","adv-header-id-meta":"","stick-header-meta":"","header-above-stick-meta":"","header-main-stick-meta":"","header-below-stick-meta":"","astra-migrate-meta-layouts":"default","ast-page-background-enabled":"default","ast-page-background-meta":{"desktop":{"background-color":"var(--ast-global-color-5)","background-image":"","background-repeat":"repeat","background-position":"center center","background-size":"auto","background-attachment":"scroll","background-type":"","background-media":"","overlay-type":"","overlay-color":"","overlay-opacity":"","overlay-gradient":""},"tablet":{"background-color":"","background-image":"","background-repeat":"repeat","background-position":"center center","background-size":"auto","background-attachment":"scroll","background-type":"","background-media":"","overlay-type":"","overlay-color":"","overlay-opacity":"","overlay-gradient":""},"mobile":{"background-color":"","background-image":"","background-repeat":"repeat","background-position":"center center","background-size":"auto","background-attachment":"scroll","background-type":"","background-media":"","overlay-type":"","overlay-color":"","overlay-opacity":"","overlay-gradient":""}},"ast-content-background-meta":{"desktop":{"background-color":"var(--ast-global-color-4)","background-image":"","background-repeat":"repeat","background-position":"center center","background-size":"auto","background-attachment":"scroll","background-type":"","background-media":"","overlay-type":"","overlay-color":"","overlay-opacity":"","overlay-gradient":""},"tablet":{"background-color":"var(--ast-global-color-4)","background-image":"","background-repeat":"repeat","background-position":"center center","background-size":"auto","background-attachment":"scroll","background-type":"","background-media":"","overlay-type":"","overlay-color":"","overlay-opacity":"","overlay-gradient":""},"mobile":{"background-color":"var(--ast-global-color-4)","background-image":"","background-repeat":"repeat","background-position":"center center","background-size":"auto","background-attachment":"scroll","background-type":"","background-media":"","overlay-type":"","overlay-color":"","overlay-opacity":"","overlay-gradient":""}},"footnotes":""},"class_list":["post-681","page","type-page","status-publish","hentry"],"_links":{"self":[{"href":"https:\/\/www.camping-rochefort.com\/index.php\/wp-json\/wp\/v2\/pages\/681","targetHints":{"allow":["GET"]}}],"collection":[{"href":"https:\/\/www.camping-rochefort.com\/index.php\/wp-json\/wp\/v2\/pages"}],"about":[{"href":"https:\/\/www.camping-rochefort.com\/index.php\/wp-json\/wp\/v2\/types\/page"}],"author":[{"embeddable":true,"href":"https:\/\/www.camping-rochefort.com\/index.php\/wp-json\/wp\/v2\/users\/1"}],"replies":[{"embeddable":true,"href":"https:\/\/www.camping-rochefort.com\/index.php\/wp-json\/wp\/v2\/comments?post=681"}],"version-history":[{"count":22,"href":"https:\/\/www.camping-rochefort.com\/index.php\/wp-json\/wp\/v2\/pages\/681\/revisions"}],"predecessor-version":[{"id":739,"href":"https:\/\/www.camping-rochefort.com\/index.php\/wp-json\/wp\/v2\/pages\/681\/revisions\/739"}],"wp:attachment":[{"href":"https:\/\/www.camping-rochefort.com\/index.php\/wp-json\/wp\/v2\/media?parent=681"}],"curies":[{"name":"wp","href":"https:\/\/api.w.org\/{rel}","templated":true}]}}