{"id":781,"date":"2026-02-05T15:19:49","date_gmt":"2026-02-05T15:19:49","guid":{"rendered":"https:\/\/www.camping-rochefort.com\/?page_id=781"},"modified":"2026-02-06T10:06:32","modified_gmt":"2026-02-06T10:06:32","slug":"se-loger","status":"publish","type":"page","link":"https:\/\/www.camping-rochefort.com\/index.php\/se-loger\/","title":{"rendered":"Se loger"},"content":{"rendered":"\t\t<div data-elementor-type=\"wp-page\" data-elementor-id=\"781\" class=\"elementor elementor-781\">\n\t\t\t\t<div class=\"elementor-element elementor-element-b385030 e-flex e-con-boxed e-con e-parent\" data-id=\"b385030\" data-element_type=\"container\">\n\t\t\t\t\t<div class=\"e-con-inner\">\n\t\t\t\t<div class=\"elementor-element elementor-element-794bdee elementor-widget elementor-widget-heading\" data-id=\"794bdee\" data-element_type=\"widget\" data-widget_type=\"heading.default\">\n\t\t\t\t\t<h1 class=\"elementor-heading-title elementor-size-default\">Camping traditionnel ou mobil home tout confort avec terrasse ? \n\u00c0 vous de choisir la fa\u00e7on dont vous souhaitez vivre vos vacances.<\/h1>\t\t\t\t<\/div>\n\t\t\t\t\t<\/div>\n\t\t\t\t<\/div>\n\t\t<div class=\"elementor-element elementor-element-7267aef e-flex e-con-boxed e-con e-parent\" data-id=\"7267aef\" data-element_type=\"container\">\n\t\t\t\t\t<div class=\"e-con-inner\">\n\t\t\t\t<div class=\"elementor-element elementor-element-2050638 gallery-spacing-custom elementor-widget elementor-widget-image-gallery\" data-id=\"2050638\" data-element_type=\"widget\" data-widget_type=\"image-gallery.default\">\n\t\t\t\t\t\t\t<div class=\"elementor-image-gallery\">\n\t\t\t<div id='gallery-1' class='gallery galleryid-781 gallery-columns-2 gallery-size-large'><figure class='gallery-item'>\n\t\t\t<div class='gallery-icon landscape'>\n\t\t\t\t<a data-elementor-open-lightbox=\"yes\" data-elementor-lightbox-slideshow=\"2050638\" data-elementor-lightbox-title=\"Emplacement spacieux caravane\" data-e-action-hash=\"#elementor-action%3Aaction%3Dlightbox%26settings%3DeyJpZCI6NjYsInVybCI6Imh0dHBzOlwvXC93d3cuY2FtcGluZy1yb2NoZWZvcnQuY29tXC93cC1jb250ZW50XC91cGxvYWRzXC8yMDI1XC8xMVwvMjAyMTA3MTlfMTUzNzU0LXNjYWxlZC5qcGciLCJzbGlkZXNob3ciOiIyMDUwNjM4In0%3D\" href='https:\/\/www.camping-rochefort.com\/wp-content\/uploads\/2025\/11\/20210719_153754-scaled.jpg'><img fetchpriority=\"high\" decoding=\"async\" width=\"1024\" height=\"768\" src=\"https:\/\/www.camping-rochefort.com\/wp-content\/uploads\/2025\/11\/20210719_153754-1024x768.jpg\" class=\"attachment-large size-large\" alt=\"Emplacement spacieux caravane\" srcset=\"https:\/\/www.camping-rochefort.com\/wp-content\/uploads\/2025\/11\/20210719_153754-1024x768.jpg 1024w, https:\/\/www.camping-rochefort.com\/wp-content\/uploads\/2025\/11\/20210719_153754-300x225.jpg 300w, https:\/\/www.camping-rochefort.com\/wp-content\/uploads\/2025\/11\/20210719_153754-768x576.jpg 768w, https:\/\/www.camping-rochefort.com\/wp-content\/uploads\/2025\/11\/20210719_153754-1536x1152.jpg 1536w, https:\/\/www.camping-rochefort.com\/wp-content\/uploads\/2025\/11\/20210719_153754-2048x1536.jpg 2048w\" sizes=\"(max-width: 1024px) 100vw, 1024px\" \/><\/a>\n\t\t\t<\/div><\/figure><figure class='gallery-item'>\n\t\t\t<div class='gallery-icon landscape'>\n\t\t\t\t<a data-elementor-open-lightbox=\"yes\" data-elementor-lightbox-slideshow=\"2050638\" data-elementor-lightbox-title=\"Mobil home 1 chambre vue \u00e9tang\" data-e-action-hash=\"#elementor-action%3Aaction%3Dlightbox%26settings%3DeyJpZCI6MTE2LCJ1cmwiOiJodHRwczpcL1wvd3d3LmNhbXBpbmctcm9jaGVmb3J0LmNvbVwvd3AtY29udGVudFwvdXBsb2Fkc1wvMjAyNVwvMTFcLzIwMTgwODA1XzE4MDI1MS1zY2FsZWQuanBnIiwic2xpZGVzaG93IjoiMjA1MDYzOCJ9\" href='https:\/\/www.camping-rochefort.com\/wp-content\/uploads\/2025\/11\/20180805_180251-scaled.jpg'><img decoding=\"async\" width=\"1024\" height=\"768\" src=\"https:\/\/www.camping-rochefort.com\/wp-content\/uploads\/2025\/11\/20180805_180251-1024x768.jpg\" class=\"attachment-large size-large\" alt=\"Mobil home 1 chambre vue \u00e9tang\" srcset=\"https:\/\/www.camping-rochefort.com\/wp-content\/uploads\/2025\/11\/20180805_180251-1024x768.jpg 1024w, https:\/\/www.camping-rochefort.com\/wp-content\/uploads\/2025\/11\/20180805_180251-300x225.jpg 300w, https:\/\/www.camping-rochefort.com\/wp-content\/uploads\/2025\/11\/20180805_180251-768x576.jpg 768w, https:\/\/www.camping-rochefort.com\/wp-content\/uploads\/2025\/11\/20180805_180251-1536x1152.jpg 1536w, https:\/\/www.camping-rochefort.com\/wp-content\/uploads\/2025\/11\/20180805_180251-2048x1536.jpg 2048w\" sizes=\"(max-width: 1024px) 100vw, 1024px\" \/><\/a>\n\t\t\t<\/div><\/figure>\n\t\t<\/div>\n\t\t<\/div>\n\t\t\t\t\t\t<\/div>\n\t\t\t\t\t<\/div>\n\t\t\t\t<\/div>\n\t\t<div class=\"elementor-element elementor-element-6375706 e-flex e-con-boxed e-con e-parent\" data-id=\"6375706\" data-element_type=\"container\">\n\t\t\t\t\t<div class=\"e-con-inner\">\n\t\t\t\t<div class=\"elementor-element elementor-element-2e09501 elementor-widget elementor-widget-text-editor\" data-id=\"2e09501\" data-element_type=\"widget\" data-widget_type=\"text-editor.default\">\n\t\t\t\t\t\t\t\t\t<p data-start=\"424\" data-end=\"891\"><strong>Que vous soyez adepte du <span style=\"color: #993300;\">camping traditionnel<\/span> ou \u00e0 la recherche de <span style=\"color: #993300;\">confort<\/span>, vous trouverez l\u2019h\u00e9bergement qui vous ressemble. <\/strong><\/p><p data-start=\"424\" data-end=\"891\"><strong>Nos <span style=\"color: #993300;\">emplacements spacieux<\/span> et <span style=\"color: #993300;\">ombrag\u00e9s<\/span> accueillent tentes, caravanes et camping-cars pour une exp\u00e9rience authentique, au plus pr\u00e8s de la nature. <\/strong><\/p><p data-start=\"424\" data-end=\"891\"><strong>Pour plus de <span style=\"color: #993300;\">confort<\/span>, nos mobil homes\u00a0 offrent un v\u00e9ritable <span style=\"color: #993300;\">cocon<\/span> avec cuisine, salle de bain, chambres confortables et terrasse pour profiter pleinement des beaux jours.<\/strong><\/p><p data-start=\"893\" data-end=\"1186\"><strong>Au camping Le Bateau, chacun vit ses vacances \u00e0 son rythme. Profitez des <a href=\"https:\/\/www.camping-rochefort.com\/index.php\/activites-de-loisirs\/\">services et \u00e9quipements<\/a> du camping, et des moments de d\u00e9tente,\u00a0 qui font le charme de nos s\u00e9jours.<\/strong><\/p><p data-start=\"1188\" data-end=\"1344\"><strong>Id\u00e9alement situ\u00e9, notre camping est aussi le point de d\u00e9part parfait pour d\u00e9couvrir la r\u00e9gion, ses paysages, ses march\u00e9s locaux et ses nombreuses activit\u00e9s.<\/strong><\/p><p data-start=\"1346\" data-end=\"1513\"><strong>Respirez, d\u00e9tendez-vous, vous \u00eates en vacances.<\/strong><\/p><p data-start=\"1346\" data-end=\"1513\"><br data-start=\"1400\" data-end=\"1403\" \/><strong>Il ne vous reste plus qu\u2019\u00e0 choisir votre h\u00e9bergement et \u00e0 r\u00e9server votre s\u00e9jour.<\/strong><\/p>\t\t\t\t\t\t\t\t<\/div>\n\t\t\t\t\t<\/div>\n\t\t\t\t<\/div>\n\t\t<div class=\"elementor-element elementor-element-3b24355 e-grid e-con-boxed e-con e-parent\" data-id=\"3b24355\" data-element_type=\"container\">\n\t\t\t\t\t<div class=\"e-con-inner\">\n\t\t\t\t<div class=\"elementor-element elementor-element-45efcf3 elementor-button-info elementor-align-center elementor-widget elementor-widget-button\" data-id=\"45efcf3\" data-element_type=\"widget\" data-widget_type=\"button.default\">\n\t\t\t\t\t\t\t\t\t\t<a class=\"elementor-button elementor-button-link elementor-size-sm\" href=\"https:\/\/www.camping-rochefort.com\/index.php\/location-emplacement\/\">\n\t\t\t\t\t\t<span class=\"elementor-button-content-wrapper\">\n\t\t\t\t\t\t\t\t\t<span class=\"elementor-button-text\">D\u00e9couvrir les emlacements.<\/span>\n\t\t\t\t\t<\/span>\n\t\t\t\t\t<\/a>\n\t\t\t\t\t\t\t\t<\/div>\n\t\t\t\t<div class=\"elementor-element elementor-element-aaf5c7f elementor-align-center elementor-widget elementor-widget-button\" data-id=\"aaf5c7f\" data-element_type=\"widget\" data-widget_type=\"button.default\">\n\t\t\t\t\t\t\t\t\t\t<a class=\"elementor-button elementor-button-link elementor-size-sm\" href=\"https:\/\/www.camping-rochefort.com\/index.php\/location-mobile\/\">\n\t\t\t\t\t\t<span class=\"elementor-button-content-wrapper\">\n\t\t\t\t\t\t\t\t\t<span class=\"elementor-button-text\">D\u00e9couvrir les mobil homes.<\/span>\n\t\t\t\t\t<\/span>\n\t\t\t\t\t<\/a>\n\t\t\t\t\t\t\t\t<\/div>\n\t\t\t\t\t<\/div>\n\t\t\t\t<\/div>\n\t\t<div class=\"elementor-element elementor-element-63e1a0a e-flex e-con-boxed e-con e-parent\" data-id=\"63e1a0a\" data-element_type=\"container\">\n\t\t\t\t\t<div class=\"e-con-inner\">\n\t\t\t\t<div class=\"elementor-element elementor-element-db599d7 elementor-arrows-position-outside animated-slow elementor-invisible elementor-widget elementor-widget-image-carousel\" data-id=\"db599d7\" data-element_type=\"widget\" data-settings=\"{&quot;navigation&quot;:&quot;arrows&quot;,&quot;image_spacing_custom&quot;:{&quot;unit&quot;:&quot;px&quot;,&quot;size&quot;:2,&quot;sizes&quot;:[]},&quot;_animation&quot;:&quot;tada&quot;,&quot;autoplay&quot;:&quot;yes&quot;,&quot;pause_on_hover&quot;:&quot;yes&quot;,&quot;pause_on_interaction&quot;:&quot;yes&quot;,&quot;autoplay_speed&quot;:5000,&quot;infinite&quot;:&quot;yes&quot;,&quot;speed&quot;:500,&quot;image_spacing_custom_tablet&quot;:{&quot;unit&quot;:&quot;px&quot;,&quot;size&quot;:&quot;&quot;,&quot;sizes&quot;:[]},&quot;image_spacing_custom_mobile&quot;:{&quot;unit&quot;:&quot;px&quot;,&quot;size&quot;:&quot;&quot;,&quot;sizes&quot;:[]}}\" data-widget_type=\"image-carousel.default\">\n\t\t\t\t\t\t\t<div class=\"elementor-image-carousel-wrapper swiper\" role=\"region\" aria-roledescription=\"carousel\" aria-label=\"Carrousel d\u2019images\" dir=\"ltr\">\n\t\t\t<div class=\"elementor-image-carousel swiper-wrapper\" aria-live=\"off\">\n\t\t\t\t\t\t\t\t<div class=\"swiper-slide\" role=\"group\" aria-roledescription=\"slide\" aria-label=\"1 sur 10\"><figure class=\"swiper-slide-inner\"><img decoding=\"async\" class=\"swiper-slide-image\" src=\"https:\/\/www.camping-rochefort.com\/wp-content\/uploads\/2025\/11\/Mod-1-ch-1024x768.jpg\" alt=\"Mobil home 1 chambre\" \/><\/figure><\/div><div class=\"swiper-slide\" role=\"group\" aria-roledescription=\"slide\" aria-label=\"2 sur 10\"><figure class=\"swiper-slide-inner\"><img decoding=\"async\" class=\"swiper-slide-image\" src=\"https:\/\/www.camping-rochefort.com\/wp-content\/uploads\/2025\/11\/20200903_173712-1024x768.jpg\" alt=\"Emplacement van\" \/><\/figure><\/div><div class=\"swiper-slide\" role=\"group\" aria-roledescription=\"slide\" aria-label=\"3 sur 10\"><figure class=\"swiper-slide-inner\"><img decoding=\"async\" class=\"swiper-slide-image\" src=\"https:\/\/www.camping-rochefort.com\/wp-content\/uploads\/2025\/11\/20180805_180010-1024x768.jpg\" alt=\"Mobil home 3 chambres au calme\" \/><\/figure><\/div><div class=\"swiper-slide\" role=\"group\" aria-roledescription=\"slide\" aria-label=\"4 sur 10\"><figure class=\"swiper-slide-inner\"><img decoding=\"async\" class=\"swiper-slide-image\" src=\"https:\/\/www.camping-rochefort.com\/wp-content\/uploads\/2025\/11\/20210719_153754-1024x768.jpg\" alt=\"Emplacement spacieux caravane\" \/><\/figure><\/div><div class=\"swiper-slide\" role=\"group\" aria-roledescription=\"slide\" aria-label=\"5 sur 10\"><figure class=\"swiper-slide-inner\"><img decoding=\"async\" class=\"swiper-slide-image\" src=\"https:\/\/www.camping-rochefort.com\/wp-content\/uploads\/2025\/11\/20180808_160002-1024x768.jpg\" alt=\"Mobil home 3 chambres vue \u00e9tang\" \/><\/figure><\/div><div class=\"swiper-slide\" role=\"group\" aria-roledescription=\"slide\" aria-label=\"6 sur 10\"><figure class=\"swiper-slide-inner\"><img decoding=\"async\" class=\"swiper-slide-image\" src=\"https:\/\/www.camping-rochefort.com\/wp-content\/uploads\/2025\/11\/20210719_153815-1024x768.jpg\" alt=\"Emplacement caravane et voiture\" \/><\/figure><\/div><div class=\"swiper-slide\" role=\"group\" aria-roledescription=\"slide\" aria-label=\"7 sur 10\"><figure class=\"swiper-slide-inner\"><img decoding=\"async\" class=\"swiper-slide-image\" src=\"https:\/\/www.camping-rochefort.com\/wp-content\/uploads\/2025\/11\/20180805_180251-1024x768.jpg\" alt=\"Mobil home 1 chambre vue \u00e9tang\" \/><\/figure><\/div><div class=\"swiper-slide\" role=\"group\" aria-roledescription=\"slide\" aria-label=\"8 sur 10\"><figure class=\"swiper-slide-inner\"><img decoding=\"async\" class=\"swiper-slide-image\" src=\"https:\/\/www.camping-rochefort.com\/wp-content\/uploads\/2025\/11\/20210719_154637-1024x768.jpg\" alt=\"Grand espace pour caravane\" \/><\/figure><\/div><div class=\"swiper-slide\" role=\"group\" aria-roledescription=\"slide\" aria-label=\"9 sur 10\"><figure class=\"swiper-slide-inner\"><img decoding=\"async\" class=\"swiper-slide-image\" src=\"https:\/\/www.camping-rochefort.com\/wp-content\/uploads\/2025\/11\/20180805_175815-1024x768.jpg\" alt=\"Mobil home 3 chambres au calme\" \/><\/figure><\/div><div class=\"swiper-slide\" role=\"group\" aria-roledescription=\"slide\" aria-label=\"10 sur 10\"><figure class=\"swiper-slide-inner\"><img decoding=\"async\" class=\"swiper-slide-image\" src=\"https:\/\/www.camping-rochefort.com\/wp-content\/uploads\/2025\/11\/20200819_161153-1024x768.jpg\" alt=\"Emplacement caravane et tente tr\u00e8s spacieux\" \/><\/figure><\/div>\t\t\t<\/div>\n\t\t\t\t\t\t\t\t\t\t\t\t<div class=\"elementor-swiper-button elementor-swiper-button-prev\" role=\"button\" tabindex=\"0\">\n\t\t\t\t\t\t<svg aria-hidden=\"true\" class=\"e-font-icon-svg e-eicon-chevron-left\" viewBox=\"0 0 1000 1000\" xmlns=\"http:\/\/www.w3.org\/2000\/svg\"><path d=\"M646 125C629 125 613 133 604 142L308 442C296 454 292 471 292 487 292 504 296 521 308 533L604 854C617 867 629 875 646 875 663 875 679 871 692 858 704 846 713 829 713 812 713 796 708 779 692 767L438 487 692 225C700 217 708 204 708 187 708 171 704 154 692 142 675 129 663 125 646 125Z\"><\/path><\/svg>\t\t\t\t\t<\/div>\n\t\t\t\t\t<div class=\"elementor-swiper-button elementor-swiper-button-next\" role=\"button\" tabindex=\"0\">\n\t\t\t\t\t\t<svg aria-hidden=\"true\" class=\"e-font-icon-svg e-eicon-chevron-right\" viewBox=\"0 0 1000 1000\" xmlns=\"http:\/\/www.w3.org\/2000\/svg\"><path d=\"M696 533C708 521 713 504 713 487 713 471 708 454 696 446L400 146C388 133 375 125 354 125 338 125 325 129 313 142 300 154 292 171 292 187 292 204 296 221 308 233L563 492 304 771C292 783 288 800 288 817 288 833 296 850 308 863 321 871 338 875 354 875 371 875 388 867 400 854L696 533Z\"><\/path><\/svg>\t\t\t\t\t<\/div>\n\t\t\t\t\n\t\t\t\t\t\t\t\t\t<\/div>\n\t\t\t\t\t\t<\/div>\n\t\t\t\t<div class=\"elementor-element elementor-element-89d05e4 elementor-widget elementor-widget-heading\" data-id=\"89d05e4\" data-element_type=\"widget\" data-widget_type=\"heading.default\">\n\t\t\t\t\t<h1 class=\"elementor-heading-title elementor-size-default\">\n<\/h1>\t\t\t\t<\/div>\n\t\t\t\t\t<\/div>\n\t\t\t\t<\/div>\n\t\t\t\t<\/div>\n\t\t","protected":false},"excerpt":{"rendered":"<p>Camping traditionnel ou mobil home tout confort avec terrasse ? \u00c0 vous de choisir la fa\u00e7on dont vous souhaitez vivre [&hellip;]<\/p>\n","protected":false},"author":1,"featured_media":0,"parent":0,"menu_order":0,"comment_status":"closed","ping_status":"closed","template":"","meta":{"site-sidebar-layout":"no-sidebar","site-content-layout":"","ast-site-content-layout":"full-width-container","site-content-style":"default","site-sidebar-style":"default","ast-global-header-display":"","ast-banner-title-visibility":"","ast-main-header-display":"","ast-hfb-above-header-display":"","ast-hfb-below-header-display":"","ast-hfb-mobile-header-display":"","site-post-title":"","ast-breadcrumbs-content":"","ast-featured-img":"disabled","footer-sml-layout":"","ast-disable-related-posts":"","theme-transparent-header-meta":"","adv-header-id-meta":"","stick-header-meta":"","header-above-stick-meta":"","header-main-stick-meta":"","header-below-stick-meta":"","astra-migrate-meta-layouts":"default","ast-page-background-enabled":"default","ast-page-background-meta":{"desktop":{"background-color":"var(--ast-global-color-5)","background-image":"","background-repeat":"repeat","background-position":"center center","background-size":"auto","background-attachment":"scroll","background-type":"","background-media":"","overlay-type":"","overlay-color":"","overlay-opacity":"","overlay-gradient":""},"tablet":{"background-color":"","background-image":"","background-repeat":"repeat","background-position":"center center","background-size":"auto","background-attachment":"scroll","background-type":"","background-media":"","overlay-type":"","overlay-color":"","overlay-opacity":"","overlay-gradient":""},"mobile":{"background-color":"","background-image":"","background-repeat":"repeat","background-position":"center center","background-size":"auto","background-attachment":"scroll","background-type":"","background-media":"","overlay-type":"","overlay-color":"","overlay-opacity":"","overlay-gradient":""}},"ast-content-background-meta":{"desktop":{"background-color":"var(--ast-global-color-4)","background-image":"","background-repeat":"repeat","background-position":"center center","background-size":"auto","background-attachment":"scroll","background-type":"","background-media":"","overlay-type":"","overlay-color":"","overlay-opacity":"","overlay-gradient":""},"tablet":{"background-color":"var(--ast-global-color-4)","background-image":"","background-repeat":"repeat","background-position":"center center","background-size":"auto","background-attachment":"scroll","background-type":"","background-media":"","overlay-type":"","overlay-color":"","overlay-opacity":"","overlay-gradient":""},"mobile":{"background-color":"var(--ast-global-color-4)","background-image":"","background-repeat":"repeat","background-position":"center center","background-size":"auto","background-attachment":"scroll","background-type":"","background-media":"","overlay-type":"","overlay-color":"","overlay-opacity":"","overlay-gradient":""}},"footnotes":""},"class_list":["post-781","page","type-page","status-publish","hentry"],"_links":{"self":[{"href":"https:\/\/www.camping-rochefort.com\/index.php\/wp-json\/wp\/v2\/pages\/781","targetHints":{"allow":["GET"]}}],"collection":[{"href":"https:\/\/www.camping-rochefort.com\/index.php\/wp-json\/wp\/v2\/pages"}],"about":[{"href":"https:\/\/www.camping-rochefort.com\/index.php\/wp-json\/wp\/v2\/types\/page"}],"author":[{"embeddable":true,"href":"https:\/\/www.camping-rochefort.com\/index.php\/wp-json\/wp\/v2\/users\/1"}],"replies":[{"embeddable":true,"href":"https:\/\/www.camping-rochefort.com\/index.php\/wp-json\/wp\/v2\/comments?post=781"}],"version-history":[{"count":58,"href":"https:\/\/www.camping-rochefort.com\/index.php\/wp-json\/wp\/v2\/pages\/781\/revisions"}],"predecessor-version":[{"id":945,"href":"https:\/\/www.camping-rochefort.com\/index.php\/wp-json\/wp\/v2\/pages\/781\/revisions\/945"}],"wp:attachment":[{"href":"https:\/\/www.camping-rochefort.com\/index.php\/wp-json\/wp\/v2\/media?parent=781"}],"curies":[{"name":"wp","href":"https:\/\/api.w.org\/{rel}","templated":true}]}}